{"id":8,"date":"2012-01-27T16:00:35","date_gmt":"2012-01-27T16:00:35","guid":{"rendered":"http:\/\/sp.jaworzyna.net\/?page_id=8"},"modified":"2012-10-02T07:25:04","modified_gmt":"2012-10-02T06:25:04","slug":"kontakt","status":"publish","type":"page","link":"http:\/\/sp.jaworzyna.net\/?page_id=8","title":{"rendered":"Kontakt"},"content":{"rendered":"<h2 style=\"text-align: center;\"><strong>Szko\u0142a Podstawowa w Jaworzynie \u015al\u0105skiej<\/strong><\/h2>\n<p style=\"text-align: center;\"><span style=\"color: #993300;\"><strong>imienia Marii Konopnickiej<\/strong> <\/span><\/p>\n<p style=\"text-align: center;\">\u00a0<\/p>\n<h4 style=\"text-align: center;\"><span style=\"color: #993300;\">58-140 Jaworzyna \u015al\u0105ska<\/span><\/h4>\n<h4 style=\"text-align: center;\">ul. Mickiewicza 9<\/h4>\n<h5 style=\"text-align: center;\">tel. 74 85 88 154<\/h5>\n<p style=\"text-align: center;\">\u00a0<\/p>\n<h5 style=\"text-align: center;\">e-mail: <a title=\"adres e-mail\" href=\"mailto:szkola@jaworzyna.net\" target=\"_blank\">szkola24@jaworzyna.net<\/a><\/h5>\n<h5 style=\"text-align: center;\"><a href=\"http:\/\/www.sp.jaworzyna.net\">www.sp.jaworzyna.net<\/a><\/h5>\n<p style=\"text-align: center;\">\u00a0<\/p>\n<address style=\"text-align: center;\"><span style=\"color: #800000;\"><strong>Sekretariat szkolny czynny od poniedzia\u0142ku do pi\u0105tku w godzinach 7.30 &#8211; 15.30.<\/strong><\/span><\/address>\n","protected":false},"excerpt":{"rendered":"<p>Szko\u0142a Podstawowa w Jaworzynie \u015al\u0105skiej imienia Marii Konopnickiej \u00a0 58-140 Jaworzyna \u015al\u0105ska ul. Mickiewicza 9 tel. 74 85 88 154 \u00a0 e-mail: szkola24@jaworzyna.net www.sp.jaworzyna.net \u00a0 Sekretariat szkolny czynny od poniedzia\u0142ku do pi\u0105tku w godzinach 7.30 &#8211; 15.30.<\/p>\n","protected":false},"author":1,"featured_media":5,"parent":0,"menu_order":0,"comment_status":"closed","ping_status":"closed","template":"","meta":{"footnotes":""},"class_list":["post-8","page","type-page","status-publish","hentry","gallery-content-unit"],"_links":{"self":[{"href":"http:\/\/sp.jaworzyna.net\/index.php?rest_route=\/wp\/v2\/pages\/8","targetHints":{"allow":["GET"]}}],"collection":[{"href":"http:\/\/sp.jaworzyna.net\/index.php?rest_route=\/wp\/v2\/pages"}],"about":[{"href":"http:\/\/sp.jaworzyna.net\/index.php?rest_route=\/wp\/v2\/types\/page"}],"author":[{"embeddable":true,"href":"http:\/\/sp.jaworzyna.net\/index.php?rest_route=\/wp\/v2\/users\/1"}],"replies":[{"embeddable":true,"href":"http:\/\/sp.jaworzyna.net\/index.php?rest_route=%2Fwp%2Fv2%2Fcomments&post=8"}],"version-history":[{"count":5,"href":"http:\/\/sp.jaworzyna.net\/index.php?rest_route=\/wp\/v2\/pages\/8\/revisions"}],"predecessor-version":[{"id":380,"href":"http:\/\/sp.jaworzyna.net\/index.php?rest_route=\/wp\/v2\/pages\/8\/revisions\/380"}],"wp:featuredmedia":[{"embeddable":true,"href":"http:\/\/sp.jaworzyna.net\/index.php?rest_route=\/wp\/v2\/media\/5"}],"wp:attachment":[{"href":"http:\/\/sp.jaworzyna.net\/index.php?rest_route=%2Fwp%2Fv2%2Fmedia&parent=8"}],"curies":[{"name":"wp","href":"https:\/\/api.w.org\/{rel}","templated":true}]}}