{"id":60,"date":"2012-01-31T11:24:14","date_gmt":"2012-01-31T10:24:14","guid":{"rendered":"http:\/\/sp.jaworzyna.net\/?page_id=60"},"modified":"2016-09-14T10:34:27","modified_gmt":"2016-09-14T09:34:27","slug":"konsultacje","status":"publish","type":"page","link":"http:\/\/sp.jaworzyna.net\/?page_id=60","title":{"rendered":"Kalendarz"},"content":{"rendered":"<p>&nbsp;<\/p>\n<p style=\"text-align: center;\"><strong>KALENDARZ\u00a0<\/strong><strong>UROCZYSTO\u015aCI SZKOLNYCH<\/strong><\/p>\n<p style=\"text-align: center;\"><strong>2016\/2017<\/strong><\/p>\n<table>\n<tbody>\n<tr>\n<td width=\"64\"><strong>Lp.<\/strong><\/td>\n<td width=\"285\"><strong>NAZWA\u00a0 UROCZYSTO\u015aCI<\/strong><\/td>\n<td width=\"108\"><strong>TERMIN<\/strong><\/td>\n<td width=\"157\"><strong>ODPOWIEDZIALNI<\/strong><\/td>\n<\/tr>\n<tr>\n<td width=\"64\">1.<\/td>\n<td width=\"285\">Uroczysta inauguracja roku szkolnego<\/td>\n<td width=\"108\">01.09.2016r.<\/td>\n<td width=\"157\">Dyrektor wychowawcy<\/td>\n<\/tr>\n<tr>\n<td width=\"64\">2.<\/td>\n<td width=\"285\">Wybory do SU<\/td>\n<td width=\"108\">wrzesie\u0144<\/td>\n<td width=\"157\">A. Jaroszek<\/p>\n<p>K. Karczmarz<\/td>\n<\/tr>\n<tr>\n<td width=\"64\">3.<\/td>\n<td width=\"285\">Witamy w szkole \u2013 dyskoteka szkolna<\/p>\n<p>&nbsp;<\/p>\n<p>&nbsp;<\/td>\n<td width=\"108\">wrzesie\u0144<\/p>\n<p>&nbsp;<\/p>\n<p>&nbsp;<\/td>\n<td width=\"157\">SU<\/p>\n<p>Rada Rodzic\u00f3w<\/td>\n<\/tr>\n<tr>\n<td width=\"64\">4.<\/p>\n<p>&nbsp;<\/p>\n<p>&nbsp;<\/p>\n<p>&nbsp;<\/td>\n<td width=\"285\">Wizyta uczni\u00f3w z Teplic \u2013 zawody sportowe, spotkanie integracyjne<\/td>\n<td width=\"108\">pa\u017adziernik<\/td>\n<td width=\"157\">Aneta Kiszczyszyn, dyrektor<\/td>\n<\/tr>\n<tr>\n<td width=\"64\">6.<\/td>\n<td width=\"285\">Pasowanie na ucznia<\/td>\n<td width=\"108\">pa\u017adziernik<\/td>\n<td width=\"157\">A. Michalska<\/p>\n<p>J. Miko\u0142ajczyk<\/p>\n<p>K. Pawelec<\/p>\n<p>M. Rybka<\/p>\n<p>A. Kruk<\/td>\n<\/tr>\n<tr>\n<td width=\"64\">7.<\/td>\n<td width=\"285\">Pasowanie na czytelnika<\/td>\n<td width=\"108\">pa\u017adziernik<\/td>\n<td width=\"157\">A. Jaroszek<\/td>\n<\/tr>\n<tr>\n<td width=\"64\">8.<\/p>\n<p>&nbsp;<\/p>\n<p>&nbsp;<\/p>\n<p>9.<\/td>\n<td width=\"285\">\u015awi\u0119to Komisji Edukacji Narodowej<\/p>\n<p>Dzie\u0144 nauczyciela<\/p>\n<p>&nbsp;<\/p>\n<p>Dzie\u0144 Papieski<\/td>\n<td width=\"108\">14<\/p>\n<p>pa\u017adziernika<\/p>\n<p>&nbsp;<\/p>\n<p>17 pa\u017adziernika<\/td>\n<td width=\"157\">K. Karczmarz<\/p>\n<p>E. Miszkuro- Kulaszewska<\/p>\n<p>&nbsp;<\/p>\n<p>A. Kruk &#8211; Kozycz<\/p>\n<p>&nbsp;<\/td>\n<\/tr>\n<tr>\n<td width=\"64\">10.<\/td>\n<td width=\"285\">\u015awi\u0119to Odzyskania Niepodleg\u0142o\u015bci<\/td>\n<td width=\"108\">10 \u00a0listopada<\/td>\n<td width=\"157\">A. Kruk &#8211; Kozycz<\/td>\n<\/tr>\n<tr>\n<td width=\"64\">11.<\/td>\n<td width=\"285\">Andrzejkowe zabawy<\/td>\n<td width=\"108\">24 listopada<\/td>\n<td width=\"157\">SU<\/p>\n<p>Rada Rodzic\u00f3w<\/td>\n<\/tr>\n<tr>\n<td width=\"64\">12.<\/td>\n<td width=\"285\">Organizacja kiermaszy wsp\u00f3lnie z Rad\u0105 Rodzic\u00f3w w okresie Bo\u017cego Narodzenia i Wielkanocy<\/p>\n<p>&nbsp;<\/td>\n<td width=\"108\">Grudzie\u0144 \/ marzec<\/td>\n<td width=\"157\">Ewa Miszkuro \u2013 Kulaszewska<\/p>\n<p>Wychowawcy klas I \u2013 III oraz \u201e0\u201d<\/td>\n<\/tr>\n<tr>\n<td width=\"64\">13.<\/td>\n<td width=\"285\">Miko\u0142ajki<\/td>\n<td width=\"108\">6 grudnia<\/td>\n<td width=\"157\">Wychowawcy, SU, Rada Rodzic\u00f3w<\/td>\n<\/tr>\n<tr>\n<td width=\"64\">14.<\/td>\n<td width=\"285\">Bo\u017conarodzeniowe tradycje \u2013 przedstawienie dla spo\u0142eczno\u015bci gminy Jaworzyna \u015al.<\/td>\n<td width=\"108\">grudzie\u0144<\/td>\n<td width=\"157\">A. Pindel<\/p>\n<p>E. Miszkuro<\/td>\n<\/tr>\n<tr>\n<td width=\"64\">15.<\/td>\n<td width=\"285\">Dzie\u0144 Babci i Dziadka \u2013 \u015bwi\u0119to w klasie<\/td>\n<td width=\"108\">Stycze\u0144 \/ luty<\/td>\n<td width=\"157\">wychowawcy<\/td>\n<\/tr>\n<tr>\n<td width=\"64\">16.<\/td>\n<td width=\"285\">Noworoczne zabawy<\/td>\n<td width=\"108\">luty<\/td>\n<td width=\"157\">Rada Rodzic\u00f3w<\/p>\n<p>Wychowawcy<\/td>\n<\/tr>\n<tr>\n<td width=\"64\">17.<\/td>\n<td width=\"285\">Dzie\u0144 \u017cyczliwo\u015bci<\/td>\n<td width=\"108\">marzec<\/td>\n<td width=\"157\">SU<\/td>\n<\/tr>\n<tr>\n<td width=\"64\">18.<\/td>\n<td width=\"285\">Pierwszy Dzie\u0144 Wiosny<\/p>\n<p>Wiosenalia<\/td>\n<td width=\"108\">21 marca<\/td>\n<td width=\"157\">J. Koz\u0142owska<\/p>\n<p>R. Sowi\u0144ska &#8211; \u0106wik\u0142a<\/td>\n<\/tr>\n<tr>\n<td width=\"64\">19.<\/td>\n<td width=\"285\">Imprezy sportowe dla spo\u0142eczno\u015bci szkolnej i miasta<\/td>\n<td width=\"108\">Ca\u0142y rok<\/td>\n<td width=\"157\">A. Kiszczyszyn<\/td>\n<\/tr>\n<tr>\n<td width=\"64\">20.<\/td>\n<td width=\"285\">\u015awi\u0119to Konstytucji 3 maja<\/td>\n<td width=\"108\">28 \u00a0kwietnia<\/td>\n<td width=\"157\">E. Miszkuro<\/p>\n<p>A. Kruk &#8211; Kozycz<\/td>\n<\/tr>\n<tr>\n<td width=\"64\">21.<\/td>\n<td width=\"285\">Konkursy i gry czytelnicze<\/td>\n<td width=\"108\">Ca\u0142y rok<\/td>\n<td width=\"157\">A. Jaroszek<\/td>\n<\/tr>\n<tr>\n<td width=\"64\">22.<\/td>\n<td width=\"285\">Dzie\u0144 Ziemi \u2013 przemarsz ulicami miasta<\/td>\n<td width=\"108\">21 kwietnia<\/td>\n<td width=\"157\">wychowawcy<\/td>\n<\/tr>\n<tr>\n<td width=\"64\">23.<\/td>\n<td width=\"285\">\u015awi\u0119to Patrona szko\u0142y Marii Konopnickiej<\/p>\n<p>Prezentacja talent\u00f3w<\/td>\n<td width=\"108\">21 maja<\/td>\n<td width=\"157\">A.Jaroszek<\/p>\n<p>K. Karczmarz<\/td>\n<\/tr>\n<tr>\n<td width=\"64\">24.<\/td>\n<td width=\"285\">Dzie\u0144 sportu szkolnego \u2013 Dzie\u0144 Dziecka<\/td>\n<td width=\"108\">Ostatnie dni czerwca<\/td>\n<td width=\"157\">A Zadziorski<\/p>\n<p>A Kiszczyszyn<\/p>\n<p>Wych. klas I \u2013 III<\/td>\n<\/tr>\n<tr>\n<td width=\"64\">25.<\/td>\n<td width=\"285\">Zako\u0144czenie roku szkolnego \u2013 klasy IV &#8211; VI<\/td>\n<td width=\"108\">23 czerwca<\/td>\n<td width=\"157\">B. Majborska<\/p>\n<p>E. Grobelna<\/p>\n<p>E. Miszkuro<\/td>\n<\/tr>\n<tr>\n<td width=\"64\">26.<\/td>\n<td width=\"285\">Zako\u0144czenie roku szkolnego klas I &#8211; III<\/td>\n<td width=\"108\">23 czerwca<\/td>\n<td width=\"157\">K. Lis<\/p>\n<p>R. Sowi\u0144ska \u2013 \u0106wik\u0142a<\/p>\n<p>P. Pasternak<\/p>\n<p>L. Soboczy\u0144ska<\/p>\n<p>E. Miszkuro<\/td>\n<\/tr>\n<\/tbody>\n<\/table>\n<p style=\"text-align: center;\"><strong>KALENDARZ\u00a0 KONKURS\u00d3W<\/strong><\/p>\n<p style=\"text-align: center;\"><strong>2016\/2017<\/strong><\/p>\n<p>&nbsp;<\/p>\n<table>\n<tbody>\n<tr>\n<td width=\"45\"><strong>Lp.<\/strong><\/td>\n<td width=\"262\"><strong>RODZAJ KONKURSU<\/strong><\/td>\n<td width=\"135\"><strong>TERMIN<\/strong><\/td>\n<td width=\"172\"><strong>ODPOWIEDZIALNI<\/strong><\/td>\n<\/tr>\n<tr>\n<td width=\"45\">1.<\/td>\n<td width=\"262\">Liga matematyczna<\/td>\n<td width=\"135\">Od pa\u017adziernika do maja<\/td>\n<td width=\"172\">K. Olszewska<\/p>\n<p>B. Majborska<\/td>\n<\/tr>\n<tr>\n<td width=\"45\">2.<\/td>\n<td width=\"262\">Mi\u0119dzynarodowy Konkurs Matematyczny \u201eKangur\u201d<\/td>\n<td width=\"135\">marzec<\/td>\n<td width=\"172\">K. Olszewska<\/td>\n<\/tr>\n<tr>\n<td width=\"45\">3.<\/td>\n<td width=\"262\">Mi\u0119dzyszkolny konkurs j. polskiego<\/td>\n<td width=\"135\">kwiecie\u0144<\/td>\n<td width=\"172\">E. Grobelna<\/td>\n<\/tr>\n<tr>\n<td width=\"45\">4.<\/td>\n<td width=\"262\">Ortograficzna tabliczka mno\u017cenia dzielenia<\/td>\n<td width=\"135\">grudzie\u0144<\/td>\n<td width=\"172\">E. Grobelna<\/td>\n<\/tr>\n<tr>\n<td width=\"45\">5.<\/td>\n<td width=\"262\">Malowana ortografia<\/td>\n<td width=\"135\">I semestr<\/td>\n<td width=\"172\">E. Grobelna<\/td>\n<\/tr>\n<tr>\n<td width=\"45\">6.<\/td>\n<td width=\"262\">Konkurs j\u0119zyka angielskiego IV &#8211; VI<\/td>\n<td width=\"135\">luty \/ marzec<\/td>\n<td width=\"172\">M. Korona<\/td>\n<\/tr>\n<tr>\n<td width=\"45\">7.<\/td>\n<td width=\"262\">Konkurs j. angielskiego dla klas I &#8211; III<\/td>\n<td width=\"135\">kwiecie\u0144<\/td>\n<td width=\"172\">A. Cejmer<\/td>\n<\/tr>\n<tr>\n<td width=\"45\">8.<\/td>\n<td width=\"262\">Konkursy plastyczne<\/td>\n<td width=\"135\">Ca\u0142y rok<\/td>\n<td width=\"172\">E. Miszkuro \u2013 Kulaszewska, U. Giemza<\/td>\n<\/tr>\n<tr>\n<td width=\"45\">9.<\/td>\n<td width=\"262\">Pokaz eksperyment\u00f3w<\/td>\n<td width=\"135\">maj<\/td>\n<td width=\"172\">M. Plencler<\/td>\n<\/tr>\n<tr>\n<td width=\"45\">10.<\/td>\n<td width=\"262\">Turniej warcabowy<\/td>\n<td width=\"135\">Listopad \/ grudzie\u0144<\/td>\n<td width=\"172\">K. Pawelec<\/td>\n<\/tr>\n<tr>\n<td width=\"45\">11.<\/td>\n<td width=\"262\">Konkurs ortograficzny dla klas III<\/td>\n<td width=\"135\">Marzec \/ kwiecie\u0144<\/td>\n<td width=\"172\">M. Rybka, K. Pawelec, A. Kruk<\/td>\n<\/tr>\n<tr>\n<td width=\"45\">12.<\/td>\n<td width=\"262\">Wiosenalia \u2013 XXI konkurs talent\u00f3w dla klas I &#8211; III<\/td>\n<td width=\"135\">21 marca<\/td>\n<td width=\"172\">J. Koz\u0142owska,<\/p>\n<p>R. Sowi\u0144ska &#8211; \u0106wik\u0142a<\/td>\n<\/tr>\n<tr>\n<td width=\"45\">13.<\/td>\n<td width=\"262\">Konkurs, gry czytelniczy<\/td>\n<td width=\"135\">Ca\u0142y rok<\/td>\n<td width=\"172\">A. Jaroszek, nauczyciele \u00a0 \u00a0 \u00a0 \u00a0 \u00a0 \u00a0 \u00a0 \u00a0 \u00a0 \u00a0j. polskiego<\/td>\n<\/tr>\n<tr>\n<td width=\"45\">14.<\/p>\n<p>&nbsp;<\/td>\n<td width=\"262\">Konkurs z okazji Dnia Patrona<\/p>\n<p>Szkolne talenty \u2013klasy IV &#8211; VI<\/td>\n<td width=\"135\">maj<\/td>\n<td width=\"172\">A. Jaroszek,<\/p>\n<p>K. Karczmarz<\/td>\n<\/tr>\n<tr>\n<td width=\"45\">15.<\/p>\n<p>&nbsp;<\/td>\n<td width=\"262\">Konkurs o bezpiecze\u0144stwie<\/td>\n<td width=\"135\">kwiecie\u0144<\/td>\n<td width=\"172\">E. Grobelna<\/td>\n<\/tr>\n<tr>\n<td width=\"45\">16.<\/p>\n<p>&nbsp;<\/td>\n<td width=\"262\">Gminny konkurs matematyczno &#8211; przyrodniczy<\/td>\n<td width=\"135\">marzec<\/td>\n<td width=\"172\">K. Olszewska<\/p>\n<p>M. Plencler<\/p>\n<p>B. Majborska<\/td>\n<\/tr>\n<tr>\n<td width=\"45\">17.<\/p>\n<p>&nbsp;<\/td>\n<td width=\"262\">IV \u00a0Szachowe Mistrzostwa Szko\u0142y<\/td>\n<td width=\"135\">Maj \/ czerwiec<\/td>\n<td width=\"172\">A. Kruk<\/td>\n<\/tr>\n<tr>\n<td width=\"45\">18.<\/td>\n<td width=\"262\">Szkolny konkurs SUDOKU<\/td>\n<td width=\"135\">kwiecie\u0144<\/td>\n<td width=\"172\">B. Majborska<\/p>\n<p>K. Olszewska<\/td>\n<\/tr>\n<tr>\n<td width=\"45\">19.<\/td>\n<td width=\"262\">Omnibus \u2013 szkolny konkurs interdyscyplinarny<\/td>\n<td width=\"135\">maj<\/td>\n<td width=\"172\">E. Grobelna<\/p>\n<p>M. Gli\u0144ska<\/td>\n<\/tr>\n<tr>\n<td width=\"45\">20.<\/td>\n<td width=\"262\">Konkursy plastyczne<\/td>\n<td width=\"135\">Ca\u0142y rok<\/td>\n<td width=\"172\">E. Miszkuro<\/p>\n<p>U. Giemza<\/p>\n<p>J. Miko\u0142ajczyk<\/td>\n<\/tr>\n<\/tbody>\n<\/table>\n<p>&nbsp;<\/p>\n","protected":false},"excerpt":{"rendered":"<p>&nbsp; KALENDARZ\u00a0UROCZYSTO\u015aCI SZKOLNYCH 2016\/2017 Lp. NAZWA\u00a0 UROCZYSTO\u015aCI TERMIN ODPOWIEDZIALNI 1. Uroczysta inauguracja roku szkolnego 01.09.2016r. Dyrektor wychowawcy 2. Wybory do SU wrzesie\u0144 A. Jaroszek K. Karczmarz 3. Witamy w szkole \u2013 dyskoteka szkolna &nbsp; &nbsp; wrzesie\u0144 &nbsp; &nbsp; SU Rada Rodzic\u00f3w 4. &nbsp; &nbsp; &nbsp; Wizyta uczni\u00f3w z Teplic \u2013 zawody sportowe, spotkanie integracyjne pa\u017adziernik [&hellip;]<\/p>\n","protected":false},"author":2,"featured_media":0,"parent":0,"menu_order":0,"comment_status":"closed","ping_status":"closed","template":"","meta":{"footnotes":""},"class_list":["post-60","page","type-page","status-publish","hentry","gallery-content-unit"],"_links":{"self":[{"href":"http:\/\/sp.jaworzyna.net\/index.php?rest_route=\/wp\/v2\/pages\/60","targetHints":{"allow":["GET"]}}],"collection":[{"href":"http:\/\/sp.jaworzyna.net\/index.php?rest_route=\/wp\/v2\/pages"}],"about":[{"href":"http:\/\/sp.jaworzyna.net\/index.php?rest_route=\/wp\/v2\/types\/page"}],"author":[{"embeddable":true,"href":"http:\/\/sp.jaworzyna.net\/index.php?rest_route=\/wp\/v2\/users\/2"}],"replies":[{"embeddable":true,"href":"http:\/\/sp.jaworzyna.net\/index.php?rest_route=%2Fwp%2Fv2%2Fcomments&post=60"}],"version-history":[{"count":57,"href":"http:\/\/sp.jaworzyna.net\/index.php?rest_route=\/wp\/v2\/pages\/60\/revisions"}],"predecessor-version":[{"id":8431,"href":"http:\/\/sp.jaworzyna.net\/index.php?rest_route=\/wp\/v2\/pages\/60\/revisions\/8431"}],"wp:attachment":[{"href":"http:\/\/sp.jaworzyna.net\/index.php?rest_route=%2Fwp%2Fv2%2Fmedia&parent=60"}],"curies":[{"name":"wp","href":"https:\/\/api.w.org\/{rel}","templated":true}]}}