{"id":40,"date":"2012-01-27T17:47:22","date_gmt":"2012-01-27T16:47:22","guid":{"rendered":"http:\/\/sp.jaworzyna.net\/?page_id=40"},"modified":"2016-09-16T08:16:33","modified_gmt":"2016-09-16T07:16:33","slug":"kadra","status":"publish","type":"page","link":"http:\/\/sp.jaworzyna.net\/?page_id=40","title":{"rendered":"Kadra"},"content":{"rendered":"<p><span style=\"color: #800000;\"><strong>Teresa Gawron<\/strong><\/span> \u2013 mgr, nauczyciel dyplomowany &#8211; <strong>Dyrektor szko\u0142y<\/strong><\/p>\n<p><span style=\"color: #800000;\"><strong>El\u017cbieta Pietrzak<\/strong><\/span> \u2013 mgr, nauczyciel dyplomowany &#8211; <strong>Wicedyrektor<\/strong><\/p>\n<p><strong>Nauczyciele:<\/strong><\/p>\n<ul>\n<li>Joanna Koz\u0142owska klasa &#8222;O&#8221;<\/li>\n<li>Anna Michalska\u00a0klasa Ia<\/li>\n<li>Jolanta Miko\u0142ajczyck\u00a0klasa Ib<\/li>\n<li>Anna Michalska IIa<\/li>\n<li>Patrycja Pasternak IIb<\/li>\n<li>Katarzyna Lis IIc<\/li>\n<li>Roksana \u0106wik\u0142a &#8211; Sowi\u0144ska klasa IId<\/li>\n<li>Krystyna Pawelec \u00a0klasa III a<\/li>\n<li>Maria Rybka klasa III b<\/li>\n<li>Anna Kruk\u00a0klasa IIIc<\/li>\n<\/ul>\n<ul>\n<li>Magdalena Gli\u0144ska IV a- j. polski<\/li>\n<li>Magdalena Korona IV b &#8211; j. angielski<\/li>\n<li>Anna Jaroszek\u00a0klasa IV c\u00a0&#8211; biblioteka, zaj\u0119cia komputerowe<\/li>\n<li>Ewa Miszkuro &#8211; Kulaszewska klasa V a &#8211;\u00a0muzyka, plastyka,\u00a0technika<\/li>\n<li>Kinga Olszewska klasa V b &#8211; matematyka<\/li>\n<li>Ewa Grobelna klasa VI a &#8211; j. polski<\/li>\n<li>Barbara Majborska klasa VI b &#8211; matematyka<\/li>\n<li>Kamila Karczmarz klasa \u00a0&#8211; pedagog<\/li>\n<li>Agnieszka Cejmer &#8211; j\u0119zyk angielski<\/li>\n<li>Teresa Gawron &#8211; j. polski<\/li>\n<li>Ma\u0142gorzata Plencler &#8211; przyroda<\/li>\n<li>Jadwiga Burakiewicz &#8211; przyroda, \u015bwietlica<\/li>\n<li>Agnieszka Kruk-Kozycz- historia, religia<\/li>\n<li>Alicja Pindel &#8211; religia<\/li>\n<li>Aneta Kiszczyszyn &#8211; wychowanie fizyczne<\/li>\n<li>Andrzej Zadziorski &#8211; wych. fizyczne, zaj\u0119cia komputerowe<\/li>\n<li>Agnieszka Ulfik &#8211; psycholog<\/li>\n<\/ul>\n","protected":false},"excerpt":{"rendered":"<p>Teresa Gawron \u2013 mgr, nauczyciel dyplomowany &#8211; Dyrektor szko\u0142y El\u017cbieta Pietrzak \u2013 mgr, nauczyciel dyplomowany &#8211; Wicedyrektor Nauczyciele: Joanna Koz\u0142owska klasa &#8222;O&#8221; Anna Michalska\u00a0klasa Ia Jolanta Miko\u0142ajczyck\u00a0klasa Ib Anna Michalska IIa Patrycja Pasternak IIb Katarzyna Lis IIc Roksana \u0106wik\u0142a &#8211; Sowi\u0144ska klasa IId Krystyna Pawelec \u00a0klasa III a Maria Rybka klasa III b Anna Kruk\u00a0klasa [&hellip;]<\/p>\n","protected":false},"author":1,"featured_media":0,"parent":0,"menu_order":0,"comment_status":"closed","ping_status":"closed","template":"","meta":{"footnotes":""},"class_list":["post-40","page","type-page","status-publish","hentry","gallery-content-unit"],"_links":{"self":[{"href":"http:\/\/sp.jaworzyna.net\/index.php?rest_route=\/wp\/v2\/pages\/40","targetHints":{"allow":["GET"]}}],"collection":[{"href":"http:\/\/sp.jaworzyna.net\/index.php?rest_route=\/wp\/v2\/pages"}],"about":[{"href":"http:\/\/sp.jaworzyna.net\/index.php?rest_route=\/wp\/v2\/types\/page"}],"author":[{"embeddable":true,"href":"http:\/\/sp.jaworzyna.net\/index.php?rest_route=\/wp\/v2\/users\/1"}],"replies":[{"embeddable":true,"href":"http:\/\/sp.jaworzyna.net\/index.php?rest_route=%2Fwp%2Fv2%2Fcomments&post=40"}],"version-history":[{"count":15,"href":"http:\/\/sp.jaworzyna.net\/index.php?rest_route=\/wp\/v2\/pages\/40\/revisions"}],"predecessor-version":[{"id":8450,"href":"http:\/\/sp.jaworzyna.net\/index.php?rest_route=\/wp\/v2\/pages\/40\/revisions\/8450"}],"wp:attachment":[{"href":"http:\/\/sp.jaworzyna.net\/index.php?rest_route=%2Fwp%2Fv2%2Fmedia&parent=40"}],"curies":[{"name":"wp","href":"https:\/\/api.w.org\/{rel}","templated":true}]}}