{"id":34,"date":"2012-01-27T17:37:29","date_gmt":"2012-01-27T16:37:29","guid":{"rendered":"http:\/\/sp.jaworzyna.net\/?page_id=34"},"modified":"2016-09-16T10:45:44","modified_gmt":"2016-09-16T09:45:44","slug":"kola","status":"publish","type":"page","link":"http:\/\/sp.jaworzyna.net\/?page_id=34","title":{"rendered":"Zaj\u0119cia dodatkowe"},"content":{"rendered":"<p><strong>Oferta zaj\u0119\u0107 dodatkowych\u00a0 na rok szkolny\u00a0 2016 \/ 2017<\/strong><\/p>\n<p>&#8211; zaj\u0119cia \u00a0teatralne \u2013 Magdalena Gli\u0144ska<\/p>\n<p>&#8211; zaj\u0119cia\u00a0 przyrodnicze \u2013 Ma\u0142gorzata Plencler<\/p>\n<p>&#8211; Szkolne Ko\u0142o Sportowe \u2013 Aneta Kiszczyszyn, Andrzej Zadziorski<\/p>\n<p>&#8211; zaj\u0119cia sportowe \u2013 pi\u0142ka siatkowa \u2013 Aneta Kiszczyszyn<\/p>\n<p>&#8211; zaj\u0119cia muzyczne \u2013 Ewa Miszkuro\u2013Kulaszewska<\/p>\n<p>&#8211; zaj\u0119cia plastyczne \u2013 Anna Michalska, Jolanta Miko\u0142ajczyk<\/p>\n<p>&#8211; zaj\u0119cia taneczne \u2013 Patrycja Pasternak<\/p>\n<p>&#8211; zaj\u0119cia z j\u0119zyka angielskiego\u00a0 IV \u2013 VI \u2013 Magdalena Korona<\/p>\n<p>&#8211; zaj\u0119cia z j\u0119zyka angielskiego\u00a0 I \u2013 III \u2013 Agnieszka Cejmer<\/p>\n<p>&#8211; Ko\u0142o Przyjaci\u00f3\u0142 Biblioteki \u2013 Anna Jaroszek<\/p>\n<p>&#8211; zaj\u0119cia wyr\u00f3wnawcze \u2013 j. angielski\u00a0 &#8211; Agnieszka Cejmer,\u00a0 Magdalena\u00a0 Korona<\/p>\n<p>&#8211; zaj\u0119cia wyr\u00f3wnawcze z j. polskiego \u2013 Magdalena\u00a0 Gli\u0144ska, Ewa\u00a0 Grobelna, Teresa Gawron<\/p>\n<p>&#8211; pomoc psychologiczno \u2013 pedagogiczna \u2013 Kamila\u00a0 Karczmarz, Agnieszka\u00a0 Ulfik<\/p>\n<p>&#8211; zaj\u0119cia wyr\u00f3wnawcze z matematyki \u2013 Barbara Majborska, Kinga Olszewska<\/p>\n<p>&#8211; zaj\u0119cia wyr\u00f3wnawcze z przyrody \u2013 Ma\u0142gorzata\u00a0 Plencler<\/p>\n<p>&#8211; konsultacje z religii \u2013 Alicja\u00a0 Pindel<\/p>\n<p>&#8211; zaj\u0119cia wyr\u00f3wnawcze &#8211; Anna Kruk<\/p>\n<p>&#8211; konsultacje w klasach I \u2013 III \u2013 Anna\u00a0 Michalska, Jolanta\u00a0 Miko\u0142ajczyk, Patrycja Pasternak, Roksana Sowi\u0144ska \u2013 \u0106wik\u0142a,\u00a0 Maria Rybka<\/p>\n","protected":false},"excerpt":{"rendered":"<p>Oferta zaj\u0119\u0107 dodatkowych\u00a0 na rok szkolny\u00a0 2016 \/ 2017 &#8211; zaj\u0119cia \u00a0teatralne \u2013 Magdalena Gli\u0144ska &#8211; zaj\u0119cia\u00a0 przyrodnicze \u2013 Ma\u0142gorzata Plencler &#8211; Szkolne Ko\u0142o Sportowe \u2013 Aneta Kiszczyszyn, Andrzej Zadziorski &#8211; zaj\u0119cia sportowe \u2013 pi\u0142ka siatkowa \u2013 Aneta Kiszczyszyn &#8211; zaj\u0119cia muzyczne \u2013 Ewa Miszkuro\u2013Kulaszewska &#8211; zaj\u0119cia plastyczne \u2013 Anna Michalska, Jolanta Miko\u0142ajczyk &#8211; zaj\u0119cia [&hellip;]<\/p>\n","protected":false},"author":1,"featured_media":0,"parent":0,"menu_order":0,"comment_status":"closed","ping_status":"closed","template":"","meta":{"footnotes":""},"class_list":["post-34","page","type-page","status-publish","hentry","gallery-content-unit"],"_links":{"self":[{"href":"http:\/\/sp.jaworzyna.net\/index.php?rest_route=\/wp\/v2\/pages\/34","targetHints":{"allow":["GET"]}}],"collection":[{"href":"http:\/\/sp.jaworzyna.net\/index.php?rest_route=\/wp\/v2\/pages"}],"about":[{"href":"http:\/\/sp.jaworzyna.net\/index.php?rest_route=\/wp\/v2\/types\/page"}],"author":[{"embeddable":true,"href":"http:\/\/sp.jaworzyna.net\/index.php?rest_route=\/wp\/v2\/users\/1"}],"replies":[{"embeddable":true,"href":"http:\/\/sp.jaworzyna.net\/index.php?rest_route=%2Fwp%2Fv2%2Fcomments&post=34"}],"version-history":[{"count":12,"href":"http:\/\/sp.jaworzyna.net\/index.php?rest_route=\/wp\/v2\/pages\/34\/revisions"}],"predecessor-version":[{"id":8453,"href":"http:\/\/sp.jaworzyna.net\/index.php?rest_route=\/wp\/v2\/pages\/34\/revisions\/8453"}],"wp:attachment":[{"href":"http:\/\/sp.jaworzyna.net\/index.php?rest_route=%2Fwp%2Fv2%2Fmedia&parent=34"}],"curies":[{"name":"wp","href":"https:\/\/api.w.org\/{rel}","templated":true}]}}