{"id":31,"date":"2012-01-27T17:35:24","date_gmt":"2012-01-27T16:35:24","guid":{"rendered":"http:\/\/sp.jaworzyna.net\/?page_id=31"},"modified":"2012-02-28T12:19:52","modified_gmt":"2012-02-28T11:19:52","slug":"patron","status":"publish","type":"page","link":"http:\/\/sp.jaworzyna.net\/?page_id=31","title":{"rendered":"Patron"},"content":{"rendered":"<p><a href=\"http:\/\/sp.jaworzyna.net\/wp-content\/uploads\/2012\/01\/mkonopnicka.jpg\"><img loading=\"lazy\" decoding=\"async\" class=\"alignright size-full wp-image-32\" title=\"mkonopnicka\" src=\"http:\/\/sp.jaworzyna.net\/wp-content\/uploads\/2012\/01\/mkonopnicka.jpg\" alt=\"\" width=\"250\" height=\"395\" srcset=\"http:\/\/sp.jaworzyna.net\/wp-content\/uploads\/2012\/01\/mkonopnicka.jpg 250w, http:\/\/sp.jaworzyna.net\/wp-content\/uploads\/2012\/01\/mkonopnicka-189x300.jpg 189w\" sizes=\"auto, (max-width: 250px) 100vw, 250px\" \/><\/a><span style=\"color: #800000;\"><strong>MARIA KONOPNICKA<\/strong><\/span><\/p>\n<p style=\"text-align: justify;\">Urodzi\u0142a si\u0119 23 maja 1842 roku w Suwa\u0142kach, jako c\u00f3rka J\u00f3zefa Wasi\u0142owskiego, prawnika, patrona trybuna\u0142u cywilnego i Scholastyki z Turskich. We wrze\u015bniu 1849 roku rodzina sprowadzi\u0142a si\u0119 do Kalisza, gdzie przysz\u0142a poetka sp\u0119dzi\u0142a dzieci\u0144stwo i m\u0142odo\u015b\u0107. W latach 1855 &#8211; 1856 uczy\u0142a si\u0119 na pensji sakramentek w Warszawie. Tam pozna\u0142a Eliz\u0119 Paw\u0142owsk\u0105. We wrze\u015bniu 1862 roku wysz\u0142a za m\u0105\u017c za ziemianina, Jaros\u0142awa Konopnickiego. Zaraz po \u015blubie wyjecha\u0142a z Kalisza na sta\u0142e, zamieszkuj\u0105c w Bronowie, a potem w Gusinie na terenie \u00f3wczesnej guberni kaliskiej. Wychowywa\u0142a 6 dzieci, utrzymuj\u0105c si\u0119 z dochod\u00f3w niewielkiego dzier\u017cawionego folwarku.<\/p>\n<p style=\"text-align: justify;\">W 1870 roku zadebiutowa\u0142a na \u0142amach &#8222;Kaliszanina&#8221; wierszem &#8222;W zimowy poranek&#8221;. Miastu, uznanemu za rodzinne po\u015bwi\u0119ci\u0142a trzy utwory poetyckie: dwa zatytu\u0142owane &#8222;Kaliszowi&#8221; (1888 i 1907) i &#8222;Memu miastu&#8221; (1897). Przychylne przyj\u0119cie cyklu poetyckiego &#8222;W g\u00f3rach&#8221;, opublikowanego w &#8222;Tygodniku Ilustrowanym&#8221; w 1876 r. zadecydowa\u0142o o po\u015bwi\u0119ceniu si\u0119 literaturze i osiedleniu wraz z dzie\u0107mi w Warszawie, gdzie mieszka\u0142a do 1890 roku. Obok uprawiania tw\u00f3rczo\u015bci literackiej aktywnie uczestniczy\u0142a w \u017cyciu spo\u0142eczno-kulturalnym. Od 1890 przebywa\u0142a w kilku krajach Europy Zachodniej, wsp\u00f3\u0142pracuj\u0105c z pras\u0105 krajow\u0105, zrzeszeniami polskimi na obczy\u017anie, Macierz Szkolna, komitetami pomocy dla wyw\u0142aszczonej ludno\u015bci G\u00f3rnego \u015al\u0105ska i Wielkopolski, a tak\u017ce wsp\u00f3\u0142organizowa\u0142a mi\u0119dzynarodowy protest przeciwko prze\u015bladowaniu dzieci polskich we Wrze\u015bni (1901-1902). 1905-1907 przebywa\u0142a w Warszawie, organizowa\u0142a pomoc dla uwi\u0119zionych przez w\u0142adze carskie i ich rodzin. Wyrazem jej protestu przeciw polityce germanizacyjnej by\u0142o og\u0142oszenie w 1908 roku &#8222;Roty&#8221;. Wiersz zdoby\u0142 niezwyk\u0142\u0105 popularno\u015b\u0107, jako pie\u015b\u0144 z muzyk\u0105 Feliksa Nowowiejskiego, od czasu obchodu rocznicy grunwaldzkiej w 1910 roku.<\/p>\n<p style=\"text-align: justify;\">Maria Konopnicka zdoby\u0142a sobie w\u015br\u00f3d wsp\u00f3\u0142czesnych pozycj\u0119 licz\u0105cej si\u0119 poetki. Z powodzeniem jednak uprawia\u0142a te\u017c proz\u0119 nowelistyczn\u0105 i beletryzowany reporta\u017c. Tworzy\u0142a opowiadania o rozwini\u0119tej fabule i rozbudowanych opisach \u015brodowisk. Autorka &#8222;O krasnoludkach i sierotce Marysi&#8221;, &#8222;O Janku W\u0119drowniczku&#8221; i &#8222;Na jagody&#8221; zdoby\u0142a sobie trwa\u0142\u00b1 pozycj\u0119 w\u015br\u00f3d tw\u00f3rc\u00f3w literatury dla dzieci.<\/p>\n<p style=\"text-align: justify;\">Krytyk\u0119 literack\u0105 i publicystyk\u0119 spo\u0142eczn\u0105 Konopnicka uprawia\u0142a na \u0142amach takich pism, jak: &#8222;K\u0142osy&#8221;, &#8222;\u015awit&#8221;, &#8222;Biblioteka Warszawska&#8221; i in. Publikowa\u0142a studia o literaturze i sztuce oraz prace monograficzne, m.in.: &#8222;Mickiewicz, jego \u017bycie i duch&#8221;. Ponadto znaczn\u0105 warto\u015b\u0107 literack\u0105 posiada jej dorobek przek\u0142adowy z j\u0119zyka niemieckiego, francuskiego, w\u0142oskiego, angielskiego i czeskiego.<\/p>\n<p style=\"text-align: justify;\">W roku 1903 Maria Konopnicka otrzyma\u0142a w darze narodowym dworek w \u017barnowcu pod Krosnem. 8 pa\u017adziernika 1910 roku umar\u0142a we Lwowie i tam zosta\u0142a pochowana na cmentarzu \u0141yczakowskim. W dniu 13 grudnia tego samego roku w teatrze kaliskim odby\u0142 si\u0119 wiecz\u00f3r literacki po\u015bwi\u0119cony poetce zwi\u0105zanej przez szereg lat z Kaliszem. Odczyt o jej tw\u00f3rczo\u015bci wyg\u0142osi\u0142a, znana w latach p\u00f3\u017aniejszych jako pisarka Ziemi Kaliskiej Maria D\u0105browska.<\/p>\n<p style=\"text-align: justify;\">W swojej tw\u00f3rczo\u015bci nawi\u0105zywa\u0142a do poezji ludowej, a tak\u017ce do romantyzmu i tradycji biblijnej oraz symbolizmu i parnasizmu, np. w Z mojej Biblii (seria IV Poezji, 1896), w zbiorach Linie i d\u017awi\u0119ki (1897), Italia (1901), Nowe pie\u015bni (1905), G\u0142osy ciszy (1906). R\u00f3wnie\u017c liczne wiersze dydaktyczne, jak \u015bpiewnik historyczny (1904), Ludziom i chwilom (1905). Epickie poematy Przez g\u0142\u0119bin\u0119 (1907) i Pan Balcer w Brazylii (1910).<\/p>\n<p style=\"text-align: justify;\">Opublikowa\u0142a zbiory opowiada\u0144 realistyczno-psychologicznych: Cztery nowele (1888), Moi znajomi (1890), Na drodze (1893), Ludzie i rzeczy (1898), Na normandzkim brzegu (1904). Szkice reporta\u017cowe Za krat\u0105 (1886), Obrazki wi\u0119zienne (1887-1888). Popularne do dzi\u015b utwory dla dzieci: O krasnoludkach i sierotce Marysi (1896), O Janku W\u0119drowniczku (1893), Na jagody (1903).<\/p>\n<p style=\"text-align: justify;\">Dzie\u0142a krytyczne i eseistyka literacka opublikowane zosta\u0142y, w wyborze w tomach: Portrety pi\u00f3rem (1898), Mickiewicz, jego \u017cycie i duch (1899), Trzy studia (1902), Szkice (1905). Tak\u017ce m.in.: Poezje (tom 1-8 i tom 10, 1916, 1925), Pisma wybrane (tom 1-7, 1951-1952), Nowele (tom 1-3, 1962), Publicystyka literacka i spo\u0142eczna (1968).<\/p>\n<p style=\"text-align: justify;\">Tw\u00f3rczo\u015b\u0107 Marii Konopnickiej znalaz\u0142a trwa\u0142e miejsce w literaturze polskiej oraz uzyska\u0142a szerokie uznanie spo\u0142eczne. Dowodem tego jest wiele przedsi\u0119wzi\u0119\u0107 wyra\u017caj\u0105cych uznanie dla autorki &#8222;Mendla Gda\u0144skiego&#8221;, &#8222;Naszej szkapy&#8221; i in. W 1958 roku utworzono towarzystwo im. Marii Konopnickiej, kt\u00f3rego ko\u0142o terenowe istnieje od 1961 roku w Kaliszu. W 1969 roku postawiono w mie\u015bcie pomnik Konopnickiej (d\u0142uta Stanis\u0142awa Horno &#8211; Pop\u0142awskiego), a w roku nast\u0119pnym odby\u0142a si\u0119 mi\u0119dzynarodowa sesja naukowa po\u015bwi\u0119cona jej \u017cyciu i tw\u00f3rczo\u015bci.<\/p>\n","protected":false},"excerpt":{"rendered":"<p>MARIA KONOPNICKA Urodzi\u0142a si\u0119 23 maja 1842 roku w Suwa\u0142kach, jako c\u00f3rka J\u00f3zefa Wasi\u0142owskiego, prawnika, patrona trybuna\u0142u cywilnego i Scholastyki z Turskich. We wrze\u015bniu 1849 roku rodzina sprowadzi\u0142a si\u0119 do Kalisza, gdzie przysz\u0142a poetka sp\u0119dzi\u0142a dzieci\u0144stwo i m\u0142odo\u015b\u0107. W latach 1855 &#8211; 1856 uczy\u0142a si\u0119 na pensji sakramentek w Warszawie. Tam pozna\u0142a Eliz\u0119 Paw\u0142owsk\u0105. We [&hellip;]<\/p>\n","protected":false},"author":1,"featured_media":0,"parent":0,"menu_order":0,"comment_status":"closed","ping_status":"closed","template":"","meta":{"footnotes":""},"class_list":["post-31","page","type-page","status-publish","hentry","gallery-content-unit"],"_links":{"self":[{"href":"http:\/\/sp.jaworzyna.net\/index.php?rest_route=\/wp\/v2\/pages\/31","targetHints":{"allow":["GET"]}}],"collection":[{"href":"http:\/\/sp.jaworzyna.net\/index.php?rest_route=\/wp\/v2\/pages"}],"about":[{"href":"http:\/\/sp.jaworzyna.net\/index.php?rest_route=\/wp\/v2\/types\/page"}],"author":[{"embeddable":true,"href":"http:\/\/sp.jaworzyna.net\/index.php?rest_route=\/wp\/v2\/users\/1"}],"replies":[{"embeddable":true,"href":"http:\/\/sp.jaworzyna.net\/index.php?rest_route=%2Fwp%2Fv2%2Fcomments&post=31"}],"version-history":[{"count":4,"href":"http:\/\/sp.jaworzyna.net\/index.php?rest_route=\/wp\/v2\/pages\/31\/revisions"}],"predecessor-version":[{"id":335,"href":"http:\/\/sp.jaworzyna.net\/index.php?rest_route=\/wp\/v2\/pages\/31\/revisions\/335"}],"wp:attachment":[{"href":"http:\/\/sp.jaworzyna.net\/index.php?rest_route=%2Fwp%2Fv2%2Fmedia&parent=31"}],"curies":[{"name":"wp","href":"https:\/\/api.w.org\/{rel}","templated":true}]}}