{"id":249,"date":"2012-02-24T12:18:22","date_gmt":"2012-02-24T11:18:22","guid":{"rendered":"http:\/\/sp.jaworzyna.net\/?page_id=249"},"modified":"2016-09-16T07:36:02","modified_gmt":"2016-09-16T06:36:02","slug":"pedagog","status":"publish","type":"page","link":"http:\/\/sp.jaworzyna.net\/?page_id=249","title":{"rendered":"Ped\/psych"},"content":{"rendered":"<p style=\"text-align: center;\"><strong>Pedagog szkolny<\/strong><\/p>\n<p style=\"text-align: center;\"><em><strong><span style=\"color: #800000;\">Mgr Kamila Karczmarz<\/span><\/strong><\/em><\/p>\n<p style=\"text-align: center;\">Poniedzia\u0142ek 10.00 &#8211; 14.30<\/p>\n<p style=\"text-align: center;\">Wtorek 10.00 &#8211; 14.00<\/p>\n<p style=\"text-align: center;\">\u015aroda 9.00 &#8211; 14.30<\/p>\n<p style=\"text-align: center;\">Czwartek 8.30 &#8211; 13.30<\/p>\n<p style=\"text-align: center;\">Pi\u0105tek 10.00 &#8211; 13.00<\/p>\n<div align=\"center\">\n<p><strong>Psycholog szkolny<\/strong><\/p>\n<address><span style=\"color: #800000;\"><strong><strong>Mgr\u00a0Agnieszka Ulfik<\/strong><\/strong><\/span><\/address>\n<p>\u00a0\u00a0GODZINY PRACY<\/p>\n<p>Wtorek 11.30 &#8211; 15.00<\/p>\n<p>\u015aroda 8.00 &#8211; 12.00<\/p>\n<p>Czwartek 8.30 &#8211; 12.00<\/p>\n<div align=\"center\"><\/div>\n<div align=\"center\">\u00a0Pedagog oraz psycholog \u00a0szkolny obejmuj\u0105 opiek\u0105 psychologiczno \u2013 pedagogiczn\u0105 oraz zapewniaj\u0105 wsparcie i pomoc uczniom naszej szko\u0142y, a w szczeg\u00f3lno\u015bci:<\/div>\n<\/div>\n<ul style=\"text-align: center;\">\n<li style=\"text-align: left;\">maj\u0105cym problemy w nauce i w zachowaniu<\/li>\n<li style=\"text-align: left;\">uczniom z decyfitami rozwojowymi i opini\u0105\u00a0 Poradni Psychologiczno &#8211; Pedagogicznej<\/li>\n<li style=\"text-align: left;\">uczniom z problemami w domu rodzinnym<\/li>\n<\/ul>\n<p style=\"text-align: center;\">\u00a0<span style=\"text-decoration: underline;\">Prowadz\u0105 zaj\u0119cia<\/span>:<\/p>\n<ul style=\"text-align: center;\">\n<li style=\"text-align: left;\">dla klas warsztaty i pogadanki<\/li>\n<li style=\"text-align: left;\">dla uczni\u00f3w terapi\u0119 zachowa\u0144 indywidualn\u0105 i grupow\u0105<\/li>\n<li style=\"text-align: left;\">indywidualn\u0105 i grupow\u0105 pomoc w nauce<\/li>\n<li style=\"text-align: left;\">dla rodzic\u00f3w pedagogizacj\u0119 i doradztwo wychowawczo \u2013opieku\u0144cze<\/li>\n<li style=\"text-align: left;\">zaj\u0119cia plastyczno- konstrukcyjne dla uczni\u00f3w oczekuj\u0105cych na obiady.<\/li>\n<\/ul>\n<p style=\"text-align: center;\">Koordynuj\u0105 szkolny \u201e<em>Program Profilaktyczny i Przeciwdzia\u0142ania Agresji i Przemocy\u201d<\/em> , wsp\u00f3\u0142pracuj\u0105 z instytucjami spo\u0142ecznymi.<\/p>\n","protected":false},"excerpt":{"rendered":"<p>Pedagog szkolny Mgr Kamila Karczmarz Poniedzia\u0142ek 10.00 &#8211; 14.30 Wtorek 10.00 &#8211; 14.00 \u015aroda 9.00 &#8211; 14.30 Czwartek 8.30 &#8211; 13.30 Pi\u0105tek 10.00 &#8211; 13.00 Psycholog szkolny Mgr\u00a0Agnieszka Ulfik \u00a0\u00a0GODZINY PRACY Wtorek 11.30 &#8211; 15.00 \u015aroda 8.00 &#8211; 12.00 Czwartek 8.30 &#8211; 12.00 \u00a0Pedagog oraz psycholog \u00a0szkolny obejmuj\u0105 opiek\u0105 psychologiczno \u2013 pedagogiczn\u0105 oraz zapewniaj\u0105 wsparcie [&hellip;]<\/p>\n","protected":false},"author":2,"featured_media":0,"parent":0,"menu_order":0,"comment_status":"closed","ping_status":"closed","template":"","meta":{"footnotes":""},"class_list":["post-249","page","type-page","status-publish","hentry","gallery-content-unit"],"_links":{"self":[{"href":"http:\/\/sp.jaworzyna.net\/index.php?rest_route=\/wp\/v2\/pages\/249","targetHints":{"allow":["GET"]}}],"collection":[{"href":"http:\/\/sp.jaworzyna.net\/index.php?rest_route=\/wp\/v2\/pages"}],"about":[{"href":"http:\/\/sp.jaworzyna.net\/index.php?rest_route=\/wp\/v2\/types\/page"}],"author":[{"embeddable":true,"href":"http:\/\/sp.jaworzyna.net\/index.php?rest_route=\/wp\/v2\/users\/2"}],"replies":[{"embeddable":true,"href":"http:\/\/sp.jaworzyna.net\/index.php?rest_route=%2Fwp%2Fv2%2Fcomments&post=249"}],"version-history":[{"count":36,"href":"http:\/\/sp.jaworzyna.net\/index.php?rest_route=\/wp\/v2\/pages\/249\/revisions"}],"predecessor-version":[{"id":8447,"href":"http:\/\/sp.jaworzyna.net\/index.php?rest_route=\/wp\/v2\/pages\/249\/revisions\/8447"}],"wp:attachment":[{"href":"http:\/\/sp.jaworzyna.net\/index.php?rest_route=%2Fwp%2Fv2%2Fmedia&parent=249"}],"curies":[{"name":"wp","href":"https:\/\/api.w.org\/{rel}","templated":true}]}}