{"id":218,"date":"2012-02-23T12:22:25","date_gmt":"2012-02-23T11:22:25","guid":{"rendered":"http:\/\/sp.jaworzyna.net\/?page_id=218"},"modified":"2017-03-29T09:55:56","modified_gmt":"2017-03-29T08:55:56","slug":"biblioteka","status":"publish","type":"page","link":"http:\/\/sp.jaworzyna.net\/?page_id=218","title":{"rendered":"Biblioteka"},"content":{"rendered":"<p><img loading=\"lazy\" decoding=\"async\" class=\"aligncenter size-medium wp-image-6835\" src=\"http:\/\/sp.jaworzyna.net\/wp-content\/uploads\/2012\/02\/foty-300x225.jpg\" alt=\"foty\" width=\"300\" height=\"225\" srcset=\"http:\/\/sp.jaworzyna.net\/wp-content\/uploads\/2012\/02\/foty-300x225.jpg 300w, http:\/\/sp.jaworzyna.net\/wp-content\/uploads\/2012\/02\/foty-1024x768.jpg 1024w\" sizes=\"auto, (max-width: 300px) 100vw, 300px\" \/><\/p>\n<p>Biblioteka szkolna sk\u0142ada si\u0119 z dw\u00f3ch pomieszcze\u0144: wypo\u017cyczalni po\u0142\u0105czonej z czytelni\u0105 i pracowni multimedialnej. \u00a0Nauczyciele bibliotekarze to Pani <strong><span style=\"color: #800000;\">Anna Jaroszek<\/span><\/strong> i Pani <strong><span style=\"color: #800000;\">El\u017cbieta Pietrzak<\/span><\/strong>. W roku szkolnym 2015\/2016 biblioteka ma 341\u00a0czytelnik\u00f3w.<\/p>\n<p align=\"center\">GODZINY OTWARCIA BIBLIOTEKI<\/p>\n<div align=\"center\">\n<table border=\"0\" cellspacing=\"0\" cellpadding=\"0\">\n<tbody>\n<tr>\n<td>Poniedzia\u0142ek<\/td>\n<td>8.00 &#8211; 14.20<\/td>\n<\/tr>\n<tr>\n<td>Wtorek<\/td>\n<td>8.00 &#8211; 14.20<\/td>\n<\/tr>\n<tr>\n<td>\u015aroda<\/td>\n<td>8.00 &#8211; 14.20<\/td>\n<\/tr>\n<tr>\n<td>Czwartek<\/td>\n<td>8.00 &#8211; 14.20<\/td>\n<\/tr>\n<tr>\n<td>Pi\u0105tek<\/td>\n<td>8.00 &#8211; 14.20<\/td>\n<\/tr>\n<\/tbody>\n<\/table>\n<\/div>\n<p style=\"text-align: justify;\">\u00a0W bibliotece gromadzone s\u0105 lektury, ksi\u0105\u017cki przygodowe, obyczajowe, bajki i wierszyki dla najm\u0142odszych czytelnik\u00f3w, bie\u017c\u0105ce i archiwalne\u00a0czasopisma oraz dokumenty niepi\u015bmienne.<\/p>\n<p style=\"text-align: justify;\">W czytelni zgromadzony zosta\u0142 ksi\u0119gozbi\u00f3r podr\u0119czny. Dostosowany jest on do potrzeb uczni\u00f3w, nauczycieli, udost\u0119pniany jest r\u00f3wnie\u017c rodzicom. S\u0105 to encyklopedie, s\u0142owniki, poradniki, albumy, atlasy, a tak\u017ce ksi\u0105\u017cki popularno-naukowe. Uczniowie mog\u0105 z nich korzysta\u0107 na miejscu.<\/p>\n<p style=\"text-align: justify;\">Ksi\u0119gozbi\u00f3r uzupe\u0142niany jest w miar\u0119 przydzia\u0142u \u015brodk\u00f3w finansowych &#8211;\u00a0 a\u00a0tak\u017ce dzi\u0119ki darom od czytelnik\u00f3w i wydawnictw. W pracowni multimedialnej uczniowie mog\u0105 korzysta\u0107 z komputer\u00f3w oraz tablicy\u00a0interaktywnej.<\/p>\n<p style=\"text-align: justify;\">W bibliotece prowadzone s\u0105 zaj\u0119cia dydaktyczne dla uczni\u00f3w maj\u0105cych problemy w nauce, ponad to organizowane s\u0105 konkursy i zabawy czytelnicze.<\/p>\n<p style=\"text-align: center;\"><img loading=\"lazy\" decoding=\"async\" class=\"aligncenter size-medium wp-image-6836\" src=\"http:\/\/sp.jaworzyna.net\/wp-content\/uploads\/2012\/02\/fota2-300x225.jpg\" alt=\"fota2\" width=\"300\" height=\"225\" srcset=\"http:\/\/sp.jaworzyna.net\/wp-content\/uploads\/2012\/02\/fota2-300x225.jpg 300w, http:\/\/sp.jaworzyna.net\/wp-content\/uploads\/2012\/02\/fota2-1024x768.jpg 1024w\" sizes=\"auto, (max-width: 300px) 100vw, 300px\" \/><\/p>\n<p><a href=\"http:\/\/sp.jaworzyna.net\/wp-content\/uploads\/2012\/02\/Plan-pracy-biblioteki.pdf\">Plan pracy biblioteki<\/a><\/p>\n<p><a href=\"http:\/\/sp.jaworzyna.net\/wp-content\/uploads\/2012\/02\/Regulamin-biblioteki-szkolnej.pdf\">Regulamin biblioteki szkolnej<\/a><\/p>\n<p><a href=\"http:\/\/sp.jaworzyna.net\/wp-content\/uploads\/2012\/02\/Regulamin-darmowe-podreczniki.pdf\">Regulamin darmowe podreczniki<\/a><\/p>\n<p style=\"text-align: center;\">\n","protected":false},"excerpt":{"rendered":"<p>Biblioteka szkolna sk\u0142ada si\u0119 z dw\u00f3ch pomieszcze\u0144: wypo\u017cyczalni po\u0142\u0105czonej z czytelni\u0105 i pracowni multimedialnej. \u00a0Nauczyciele bibliotekarze to Pani Anna Jaroszek i Pani El\u017cbieta Pietrzak. W roku szkolnym 2015\/2016 biblioteka ma 341\u00a0czytelnik\u00f3w. GODZINY OTWARCIA BIBLIOTEKI Poniedzia\u0142ek 8.00 &#8211; 14.20 Wtorek 8.00 &#8211; 14.20 \u015aroda 8.00 &#8211; 14.20 Czwartek 8.00 &#8211; 14.20 Pi\u0105tek 8.00 &#8211; 14.20 \u00a0W [&hellip;]<\/p>\n","protected":false},"author":2,"featured_media":0,"parent":0,"menu_order":0,"comment_status":"closed","ping_status":"closed","template":"","meta":{"footnotes":""},"class_list":["post-218","page","type-page","status-publish","hentry","gallery-content-unit"],"_links":{"self":[{"href":"http:\/\/sp.jaworzyna.net\/index.php?rest_route=\/wp\/v2\/pages\/218","targetHints":{"allow":["GET"]}}],"collection":[{"href":"http:\/\/sp.jaworzyna.net\/index.php?rest_route=\/wp\/v2\/pages"}],"about":[{"href":"http:\/\/sp.jaworzyna.net\/index.php?rest_route=\/wp\/v2\/types\/page"}],"author":[{"embeddable":true,"href":"http:\/\/sp.jaworzyna.net\/index.php?rest_route=\/wp\/v2\/users\/2"}],"replies":[{"embeddable":true,"href":"http:\/\/sp.jaworzyna.net\/index.php?rest_route=%2Fwp%2Fv2%2Fcomments&post=218"}],"version-history":[{"count":19,"href":"http:\/\/sp.jaworzyna.net\/index.php?rest_route=\/wp\/v2\/pages\/218\/revisions"}],"predecessor-version":[{"id":9287,"href":"http:\/\/sp.jaworzyna.net\/index.php?rest_route=\/wp\/v2\/pages\/218\/revisions\/9287"}],"wp:attachment":[{"href":"http:\/\/sp.jaworzyna.net\/index.php?rest_route=%2Fwp%2Fv2%2Fmedia&parent=218"}],"curies":[{"name":"wp","href":"https:\/\/api.w.org\/{rel}","templated":true}]}}