{"id":192,"date":"2012-02-22T12:29:59","date_gmt":"2012-02-22T11:29:59","guid":{"rendered":"http:\/\/sp.jaworzyna.net\/?page_id=192"},"modified":"2016-09-16T08:19:56","modified_gmt":"2016-09-16T07:19:56","slug":"swietlica","status":"publish","type":"page","link":"http:\/\/sp.jaworzyna.net\/?page_id=192","title":{"rendered":"\u015awietlica"},"content":{"rendered":"<p style=\"text-align: center;\">\u00a0<img loading=\"lazy\" decoding=\"async\" class=\"aligncenter size-medium wp-image-195\" title=\"\u015bwietlica\" src=\"http:\/\/sp.jaworzyna.net\/wp-content\/uploads\/2012\/02\/ul1-300x225.jpg\" alt=\"\" width=\"300\" height=\"225\" srcset=\"http:\/\/sp.jaworzyna.net\/wp-content\/uploads\/2012\/02\/ul1-300x225.jpg 300w, http:\/\/sp.jaworzyna.net\/wp-content\/uploads\/2012\/02\/ul1.jpg 355w\" sizes=\"auto, (max-width: 300px) 100vw, 300px\" \/><\/p>\n<p style=\"text-align: center;\">\u00a0Na \u015bwietlic\u0119 ucz\u0119szcza\u00a0168\u00a0dzieci.\u00a0 Wychowawcami s\u0105 : Pani <span style=\"color: #800000;\"><strong>Urszula Giemza<\/strong><\/span> oraz Pani <strong><span style=\"color: #800000;\">Jadwiga Burakiewicz<\/span>.<\/strong><\/p>\n<p style=\"text-align: center;\">Opiek\u0105 obj\u0119te s\u0105 tak\u017ce dzieci\u00a0 oczekuj\u0105ce na dodatkowe zaj\u0119cia pozalekcyjne lub dzieci, kt\u00f3rych rodzice wyra\u017c\u0105\u00a0\u00a0pro\u015bb\u0119 o opiek\u0119 w danym dniu.<\/p>\n<p style=\"text-align: center;\">Godziny otwarcia \u015bwietlicy 5.50 &#8211; 16.00<\/p>\n<p style=\"text-align: center;\"><strong>\u00a0<span style=\"color: #800000; text-decoration: underline;\">Zaj\u0119cia prowadzone przez nauczycieli to: <\/span><\/strong><\/p>\n<p style=\"text-align: center;\">zaj\u0119cia opieku\u0144czo &#8211; wychowawcze,<br \/>\nplastyczno &#8211; techniczne,<br \/>\numuzykalniaj\u0105ce, czytelnicze, ruchowe,<br \/>\nzaj\u0119cia wed\u0142ug zainteresowa\u0144 dzieci tj.:<br \/>\ngry stolikowe, quizy, zagadki.<\/p>\n<p style=\"text-align: center;\">\u015awietlica szkolna bierze te\u017c udzia\u0142 w wielu konkursach plastycznych. Wsp\u00f3\u0142pracujemy z SOK BP w Jaworzynie \u015al\u0105skiej. Wsp\u00f3lnie dbamy estetyk\u0119 \u015bwietlicy ozdabiaj\u0105c j\u0105 naszymi pracami.<\/p>\n<p style=\"text-align: center;\" align=\"center\"><span style=\"color: #800000;\"><em><strong>U nas panuje zawsze mi\u0142a i serdeczna atmosfera.<\/strong><\/em><\/span><\/p>\n<p style=\"text-align: center;\" align=\"center\"><span style=\"color: #800000;\"><span style=\"font-size: x-small;\"><strong>\u00a0\u00a0\u00a0 Z A P R A S Z A M Y !<\/strong><\/span>\u00a0<\/span><\/p>\n<p style=\"text-align: center;\" align=\"center\">\u00a0<span style=\"color: #000000;\">Godziny odjazdu autobusu szkolnego:<\/span><span style=\"color: #000000;\">\u00a0<\/span><\/p>\n<div align=\"center\">\n<table border=\"1\" cellspacing=\"0\" cellpadding=\"0\">\n<tbody>\n<tr>\n<td valign=\"top\" width=\"53\">\n<p align=\"center\"><strong>Kurs<\/strong><\/p>\n<\/td>\n<td valign=\"top\" width=\"50\">\n<p align=\"center\"><strong>Pn<\/strong><\/p>\n<\/td>\n<td valign=\"top\" width=\"51\">\n<p align=\"center\"><strong>Wt<\/strong><\/p>\n<\/td>\n<td valign=\"top\" width=\"50\">\n<p align=\"center\"><strong>\u015ar<\/strong><\/p>\n<\/td>\n<td valign=\"top\" width=\"50\">\n<p align=\"center\"><strong>Cz<\/strong><\/p>\n<\/td>\n<td valign=\"top\" width=\"55\">\n<p align=\"center\"><strong>Pt<\/strong><\/p>\n<\/td>\n<\/tr>\n<tr>\n<td valign=\"top\" width=\"53\">\n<p align=\"center\"><strong>1<\/strong><\/p>\n<\/td>\n<td valign=\"top\" width=\"50\">12.45<\/td>\n<td valign=\"top\" width=\"51\">12.45<\/td>\n<td valign=\"top\" width=\"50\">12.45<\/td>\n<td valign=\"top\" width=\"50\">12.45<\/td>\n<td valign=\"top\" width=\"55\">12.45<\/td>\n<\/tr>\n<tr>\n<td valign=\"top\" width=\"53\">\n<p align=\"center\"><strong>2<\/strong><\/p>\n<\/td>\n<td valign=\"top\" width=\"50\">13.40<\/td>\n<td valign=\"top\" width=\"51\">13.40<\/td>\n<td valign=\"top\" width=\"50\">13.40<\/td>\n<td valign=\"top\" width=\"50\">13.40<\/td>\n<td valign=\"top\" width=\"55\">13.40<\/td>\n<\/tr>\n<tr>\n<td valign=\"top\" width=\"53\">\n<p align=\"center\"><strong>3<\/strong><\/p>\n<\/td>\n<td valign=\"top\" width=\"50\">14.30<\/td>\n<td valign=\"top\" width=\"51\">15.10<\/td>\n<td valign=\"top\" width=\"50\">15.10<\/td>\n<td valign=\"top\" width=\"50\">15.10<\/td>\n<td valign=\"top\" width=\"55\">14.30<\/td>\n<\/tr>\n<\/tbody>\n<\/table>\n<\/div>\n<p>&nbsp;<\/p>\n","protected":false},"excerpt":{"rendered":"<p>\u00a0 \u00a0Na \u015bwietlic\u0119 ucz\u0119szcza\u00a0168\u00a0dzieci.\u00a0 Wychowawcami s\u0105 : Pani Urszula Giemza oraz Pani Jadwiga Burakiewicz. Opiek\u0105 obj\u0119te s\u0105 tak\u017ce dzieci\u00a0 oczekuj\u0105ce na dodatkowe zaj\u0119cia pozalekcyjne lub dzieci, kt\u00f3rych rodzice wyra\u017c\u0105\u00a0\u00a0pro\u015bb\u0119 o opiek\u0119 w danym dniu. Godziny otwarcia \u015bwietlicy 5.50 &#8211; 16.00 \u00a0Zaj\u0119cia prowadzone przez nauczycieli to: zaj\u0119cia opieku\u0144czo &#8211; wychowawcze, plastyczno &#8211; techniczne, umuzykalniaj\u0105ce, czytelnicze, ruchowe, [&hellip;]<\/p>\n","protected":false},"author":2,"featured_media":0,"parent":0,"menu_order":0,"comment_status":"closed","ping_status":"closed","template":"","meta":{"footnotes":""},"class_list":["post-192","page","type-page","status-publish","hentry","gallery-content-unit"],"_links":{"self":[{"href":"http:\/\/sp.jaworzyna.net\/index.php?rest_route=\/wp\/v2\/pages\/192","targetHints":{"allow":["GET"]}}],"collection":[{"href":"http:\/\/sp.jaworzyna.net\/index.php?rest_route=\/wp\/v2\/pages"}],"about":[{"href":"http:\/\/sp.jaworzyna.net\/index.php?rest_route=\/wp\/v2\/types\/page"}],"author":[{"embeddable":true,"href":"http:\/\/sp.jaworzyna.net\/index.php?rest_route=\/wp\/v2\/users\/2"}],"replies":[{"embeddable":true,"href":"http:\/\/sp.jaworzyna.net\/index.php?rest_route=%2Fwp%2Fv2%2Fcomments&post=192"}],"version-history":[{"count":23,"href":"http:\/\/sp.jaworzyna.net\/index.php?rest_route=\/wp\/v2\/pages\/192\/revisions"}],"predecessor-version":[{"id":8452,"href":"http:\/\/sp.jaworzyna.net\/index.php?rest_route=\/wp\/v2\/pages\/192\/revisions\/8452"}],"wp:attachment":[{"href":"http:\/\/sp.jaworzyna.net\/index.php?rest_route=%2Fwp%2Fv2%2Fmedia&parent=192"}],"curies":[{"name":"wp","href":"https:\/\/api.w.org\/{rel}","templated":true}]}}